{"id":520,"date":"2017-02-16T17:56:44","date_gmt":"2017-02-16T16:56:44","guid":{"rendered":"https:\/\/tischlerei-penzel.de\/?page_id=520"},"modified":"2025-10-21T14:31:51","modified_gmt":"2025-10-21T12:31:51","slug":"impressum","status":"publish","type":"page","link":"https:\/\/tischlerei-penzel.de\/en\/impressum\/","title":{"rendered":"Imprint"},"content":{"rendered":"<p><strong>Tischlerei Penzel GmbH<\/strong><br \/>\nSchusterring 18<br \/>\nD-25355 Barmstedt<br \/>\nGermany<\/p>\n<p><strong>Tel:<\/strong> +49 (0)4123 684965<br \/>\n<strong>Fax:<\/strong> +49 (0)4123 685185<\/p>\n<p><strong>Web:<\/strong> http:\/\/www.tischlerei-penzel.de<\/p>\n<p><strong>Mail:<\/strong> info@tischlerei-penzel.de<\/p>\n<p><strong>Gesch\u00e4ftsf\u00fchrer:<\/strong> Sven Penzel<\/p>\n<p><strong>UmsatzsteuerIDNr:<\/strong> DE259413650<\/p>\n<p><strong>Handelsregisternummer:<\/strong> HRB 7496 PI<\/p>\n<p><strong>Haftungshinweis<\/strong><br \/>\nTrotz sorgf\u00e4ltiger inhaltlicher Kontrolle \u00fcbernehmen wir keine Haftung f\u00fcr die Inhalte externer Links. F\u00fcr den Inhalt der verlinkten Seiten sind ausschlie\u00dflich deren Betreiber verantwortlich.<\/p>\n<p><strong>Streitbeilegungsverfahren<br \/>\n<\/strong><span data-olk-copy-source=\"MessageBody\">Die Tischlerei Penzl GmbH ist nicht verpflichtet und nicht bereit, an einem Streitbeilegungsverfahren vor einer Verbraucherschlichtungsstelle teilzunehmen.<\/span><\/p>\n","protected":false},"excerpt":{"rendered":"<p>Tischlerei Penzel GmbH Schusterring 18 D-25355 Barmstedt Germany Tel: +49 (0)4123 684965 Fax: +49 (0)4123 685185 Web: http:\/\/www.tischlerei-penzel.de Mail: info@tischlerei-penzel.de Gesch\u00e4ftsf\u00fchrer: Sven Penzel UmsatzsteuerIDNr: DE259413650 Handelsregisternummer: HRB 7496 PI Haftungshinweis Trotz sorgf\u00e4ltiger inhaltlicher Kontrolle \u00fcbernehmen wir keine Haftung f\u00fcr die Inhalte externer Links. F\u00fcr den Inhalt der verlinkten Seiten sind ausschlie\u00dflich deren Betreiber verantwortlich. Streitbeilegungsverfahren [&hellip;]<\/p>\n","protected":false},"author":1,"featured_media":0,"parent":0,"menu_order":0,"comment_status":"closed","ping_status":"closed","template":"","meta":{"footnotes":""},"class_list":["post-520","page","type-page","status-publish","hentry"],"yoast_head":"<!-- This site is optimized with the Yoast SEO plugin v26.2 - https:\/\/yoast.com\/wordpress\/plugins\/seo\/ -->\n<title>Imprint - Tischlerei Penzel<\/title>\n<meta name=\"robots\" content=\"index, follow, max-snippet:-1, max-image-preview:large, max-video-preview:-1\" \/>\n<link rel=\"canonical\" href=\"https:\/\/tischlerei-penzel.de\/impressum\/\" \/>\n<meta property=\"og:locale\" content=\"en_US\" \/>\n<meta property=\"og:type\" content=\"article\" \/>\n<meta property=\"og:title\" content=\"[:de]Impressum[:en]Imprint[:] - Tischlerei Penzel\" \/>\n<meta property=\"og:description\" content=\"Tischlerei Penzel GmbH Schusterring 18 D-25355 Barmstedt Germany Tel: +49 (0)4123 684965 Fax: +49 (0)4123 685185 Web: http:\/\/www.tischlerei-penzel.de Mail: info@tischlerei-penzel.de Gesch\u00e4ftsf\u00fchrer: Sven Penzel UmsatzsteuerIDNr: DE259413650 Handelsregisternummer: HRB 7496 PI Haftungshinweis Trotz sorgf\u00e4ltiger inhaltlicher Kontrolle \u00fcbernehmen wir keine Haftung f\u00fcr die Inhalte externer Links. F\u00fcr den Inhalt der verlinkten Seiten sind ausschlie\u00dflich deren Betreiber verantwortlich. Streitbeilegungsverfahren [&hellip;]\" \/>\n<meta property=\"og:url\" content=\"https:\/\/tischlerei-penzel.de\/impressum\/\" \/>\n<meta property=\"og:site_name\" content=\"Tischlerei Penzel\" \/>\n<meta property=\"article:modified_time\" content=\"2025-10-21T12:31:51+00:00\" \/>\n<meta name=\"twitter:card\" content=\"summary_large_image\" \/>\n<script type=\"application\/ld+json\" class=\"yoast-schema-graph\">{\"@context\":\"https:\/\/schema.org\",\"@graph\":[{\"@type\":\"WebPage\",\"@id\":\"https:\/\/tischlerei-penzel.de\/impressum\/\",\"url\":\"https:\/\/tischlerei-penzel.de\/impressum\/\",\"name\":\"[:de]Impressum[:en]Imprint[:] - Tischlerei Penzel\",\"isPartOf\":{\"@id\":\"https:\/\/tischlerei-penzel.de\/#website\"},\"datePublished\":\"2017-02-16T16:56:44+00:00\",\"dateModified\":\"2025-10-21T12:31:51+00:00\",\"breadcrumb\":{\"@id\":\"https:\/\/tischlerei-penzel.de\/impressum\/#breadcrumb\"},\"inLanguage\":\"en-US\",\"potentialAction\":[{\"@type\":\"ReadAction\",\"target\":[\"https:\/\/tischlerei-penzel.de\/impressum\/\"]}]},{\"@type\":\"BreadcrumbList\",\"@id\":\"https:\/\/tischlerei-penzel.de\/impressum\/#breadcrumb\",\"itemListElement\":[{\"@type\":\"ListItem\",\"position\":1,\"name\":\"Startseite\",\"item\":\"https:\/\/tischlerei-penzel.de\/\"},{\"@type\":\"ListItem\",\"position\":2,\"name\":\"Impressum\"}]},{\"@type\":\"WebSite\",\"@id\":\"https:\/\/tischlerei-penzel.de\/#website\",\"url\":\"https:\/\/tischlerei-penzel.de\/\",\"name\":\"Tischlerei Penzel\",\"description\":\"Modernes Holzhandwerk\",\"potentialAction\":[{\"@type\":\"SearchAction\",\"target\":{\"@type\":\"EntryPoint\",\"urlTemplate\":\"https:\/\/tischlerei-penzel.de\/?s={search_term_string}\"},\"query-input\":{\"@type\":\"PropertyValueSpecification\",\"valueRequired\":true,\"valueName\":\"search_term_string\"}}],\"inLanguage\":\"en-US\"}]}<\/script>\n<!-- \/ Yoast SEO plugin. -->","yoast_head_json":{"title":"[:de]Impressum[:en]Imprint[:] - Tischlerei Penzel","robots":{"index":"index","follow":"follow","max-snippet":"max-snippet:-1","max-image-preview":"max-image-preview:large","max-video-preview":"max-video-preview:-1"},"canonical":"https:\/\/tischlerei-penzel.de\/impressum\/","og_locale":"en_US","og_type":"article","og_title":"[:de]Impressum[:en]Imprint[:] - Tischlerei Penzel","og_description":"Tischlerei Penzel GmbH Schusterring 18 D-25355 Barmstedt Germany Tel: +49 (0)4123 684965 Fax: +49 (0)4123 685185 Web: http:\/\/www.tischlerei-penzel.de Mail: info@tischlerei-penzel.de Gesch\u00e4ftsf\u00fchrer: Sven Penzel UmsatzsteuerIDNr: DE259413650 Handelsregisternummer: HRB 7496 PI Haftungshinweis Trotz sorgf\u00e4ltiger inhaltlicher Kontrolle \u00fcbernehmen wir keine Haftung f\u00fcr die Inhalte externer Links. F\u00fcr den Inhalt der verlinkten Seiten sind ausschlie\u00dflich deren Betreiber verantwortlich. Streitbeilegungsverfahren [&hellip;]","og_url":"https:\/\/tischlerei-penzel.de\/impressum\/","og_site_name":"Tischlerei Penzel","article_modified_time":"2025-10-21T12:31:51+00:00","twitter_card":"summary_large_image","schema":{"@context":"https:\/\/schema.org","@graph":[{"@type":"WebPage","@id":"https:\/\/tischlerei-penzel.de\/impressum\/","url":"https:\/\/tischlerei-penzel.de\/impressum\/","name":"[:de]Impressum[:en]Imprint[:] - Tischlerei Penzel","isPartOf":{"@id":"https:\/\/tischlerei-penzel.de\/#website"},"datePublished":"2017-02-16T16:56:44+00:00","dateModified":"2025-10-21T12:31:51+00:00","breadcrumb":{"@id":"https:\/\/tischlerei-penzel.de\/impressum\/#breadcrumb"},"inLanguage":"en-US","potentialAction":[{"@type":"ReadAction","target":["https:\/\/tischlerei-penzel.de\/impressum\/"]}]},{"@type":"BreadcrumbList","@id":"https:\/\/tischlerei-penzel.de\/impressum\/#breadcrumb","itemListElement":[{"@type":"ListItem","position":1,"name":"Startseite","item":"https:\/\/tischlerei-penzel.de\/"},{"@type":"ListItem","position":2,"name":"Impressum"}]},{"@type":"WebSite","@id":"https:\/\/tischlerei-penzel.de\/#website","url":"https:\/\/tischlerei-penzel.de\/","name":"Tischlerei Penzel","description":"Modernes Holzhandwerk","potentialAction":[{"@type":"SearchAction","target":{"@type":"EntryPoint","urlTemplate":"https:\/\/tischlerei-penzel.de\/?s={search_term_string}"},"query-input":{"@type":"PropertyValueSpecification","valueRequired":true,"valueName":"search_term_string"}}],"inLanguage":"en-US"}]}},"_links":{"self":[{"href":"https:\/\/tischlerei-penzel.de\/en\/wp-json\/wp\/v2\/pages\/520","targetHints":{"allow":["GET"]}}],"collection":[{"href":"https:\/\/tischlerei-penzel.de\/en\/wp-json\/wp\/v2\/pages"}],"about":[{"href":"https:\/\/tischlerei-penzel.de\/en\/wp-json\/wp\/v2\/types\/page"}],"author":[{"embeddable":true,"href":"https:\/\/tischlerei-penzel.de\/en\/wp-json\/wp\/v2\/users\/1"}],"replies":[{"embeddable":true,"href":"https:\/\/tischlerei-penzel.de\/en\/wp-json\/wp\/v2\/comments?post=520"}],"version-history":[{"count":10,"href":"https:\/\/tischlerei-penzel.de\/en\/wp-json\/wp\/v2\/pages\/520\/revisions"}],"predecessor-version":[{"id":834,"href":"https:\/\/tischlerei-penzel.de\/en\/wp-json\/wp\/v2\/pages\/520\/revisions\/834"}],"wp:attachment":[{"href":"https:\/\/tischlerei-penzel.de\/en\/wp-json\/wp\/v2\/media?parent=520"}],"curies":[{"name":"wp","href":"https:\/\/api.w.org\/{rel}","templated":true}]}}